{"id":1496,"date":"2021-11-25T21:57:43","date_gmt":"2021-11-25T20:57:43","guid":{"rendered":"http:\/\/bernkor.pl\/?page_id=1496"},"modified":"2021-12-30T16:47:16","modified_gmt":"2021-12-30T15:47:16","slug":"onas","status":"publish","type":"page","link":"https:\/\/bernkor.pl\/index.php\/onas\/","title":{"rendered":"O NAS &#8211; HISTORIA FIRMY"},"content":{"rendered":"\n<p class=\"has-normal-font-size\"><em>Firma BERNKOR jest pr\u0119\u017cnie dzia\u0142aj\u0105cym przedsi\u0119biorstwem na rynku antykorozyjnym od 1991 roku.<\/em><\/p>\n\n\n\n<p>Przez lata ci\u0119\u017ckiej pracy zdobyli\u015bmy niezb\u0119dne i cenne do\u015bwiadczenie, dzi\u0119ki czemu w chwili obecnej \u015bwiadczymy us\u0142ugi na najwy\u017cszym poziomie. Specjalizujemy si\u0119 w zabezpieczeniach antykorozyjnych obiekt\u00f3w in\u017cynierskich, konstrukcji mostowych, statk\u00f3w, konstrukcji obiekt\u00f3w energetyki, obiekt\u00f3w u\u017cyteczno\u015bci publicznej, komin\u00f3w, konstrukcje hal, konstrukcji suwnic, platform wiertniczych.<\/p>\n\n\n\n<p>Proces przygotowania pod\u0142o\u017ca jest najtrudniejsz\u0105 cz\u0119\u015bci\u0105 do zabezpieczenia antykorozyjnego, w kt\u00f3rej mamy wielkie do\u015bwiadczenie. Dobieramy odpowiednie \u015bcierniwo do powierzchni czyszcz\u0105cej. Stosujemy nowoczesne farby znanych firm ( Baril, Sigma, Jotun, Hempel, Technor, Oceantrans), a wyb\u00f3r polega na uwzgl\u0119dnieniu miejsca, w kt\u00f3rym b\u0119dzie znajdowa\u0107 si\u0119 nasza konstrukcja oraz na jakie czynniki zewn\u0119trzne b\u0119dzie nara\u017cona. Dla miejsc, kt\u00f3re s\u0105 w bezpo\u015brednim kontakcie z wra\u017cliwymi oraz podatymi na uszkodzenia elementami np.: ocynk, szk\u0142o, elewacja, drewno oraz ceramika stosujemy metod\u0119 sodowania. Ta technologia minimalizuje ryzyko uszkodzenia czegokolwiek, poniewa\u017c soda ulega prawie ca\u0142kowitej degradacji po \u201euderzeniu\u201d w czyszczon\u0105 powierzchnie oraz jest ca\u0142kowicie rozpuszczalna w wodzie. Nie spowodujemy \u017cadnych niechcianych zanieczyszcze\u0144 oraz nikt z okolic placu budowy nie b\u0119dzie m\u00f3g\u0142 skar\u017cy\u0107 si\u0119 na zapylenie. Czy\u015bciwem kt\u00f3ry jest u\u017cywany podczas tych prac jest Sodium Bicarbonate NaHCO3.<\/p>\n\n\n\n<p><\/p>\n\n\n\n<p>Stale wsp\u00f3\u0142pracujemy z firmami takimi jak: Stalkon, JVP steel, Legostal, S-bud, Stocznia Szczeci\u0144ska, JPP Marine, Konstal, Mastab, Zusim, PTS, Sabra oraz Cermar. Oferujemy tak\u017ce korzystne warunki wsp\u00f3\u0142pracy dla mniejszych podmiot\u00f3w.<br><\/p>\n\n\n\n<p>Nasza Kadra sk\u0142ada si\u0119 z profesjonalnie wyszkolonych pracownik\u00f3w naziemnych oraz alpinist\u00f3w do prac wysoko\u015bciowych specjalizuj\u0105cych si\u0119 w:<br>\u2022 oczyszczaniu strumieniowo-\u015bciernym na sucho w zale\u017cno\u015bci od specyfiki wykonywanego zadania, zgodnie z obecnie obowi\u0105zuj\u0105cymi normami,<br>\u2022 oczyszczaniu hydromonitorem,<br>\u2022 nak\u0142adaniu pow\u0142ok malarskich,<br>\u2022 hybrydy polimocznikowe oraz czysty polimocznik<br>\u2022 oraz szeroko rozumianym doradztwie technicznym przy wyborze optymalnych system\u00f3w malarskich dobieranych zgodnie z norm\u0105.<\/p>\n\n\n\n<p><\/p>\n","protected":false},"excerpt":{"rendered":"<p>Firma BERNKOR jest pr\u0119\u017cnie dzia\u0142aj\u0105cym przedsi\u0119biorstwem na rynku antykorozyjnym od 1991 roku. Przez lata ci\u0119\u017ckiej pracy zdobyli\u015bmy niezb\u0119dne i cenne do\u015bwiadczenie, dzi\u0119ki czemu w chwili obecnej \u015bwiadczymy us\u0142ugi na najwy\u017cszym &#8230;<\/p>\n","protected":false},"author":1,"featured_media":0,"parent":0,"menu_order":0,"comment_status":"closed","ping_status":"closed","template":"","meta":{"footnotes":""},"class_list":["post-1496","page","type-page","status-publish","hentry"],"_links":{"self":[{"href":"https:\/\/bernkor.pl\/index.php\/wp-json\/wp\/v2\/pages\/1496","targetHints":{"allow":["GET"]}}],"collection":[{"href":"https:\/\/bernkor.pl\/index.php\/wp-json\/wp\/v2\/pages"}],"about":[{"href":"https:\/\/bernkor.pl\/index.php\/wp-json\/wp\/v2\/types\/page"}],"author":[{"embeddable":true,"href":"https:\/\/bernkor.pl\/index.php\/wp-json\/wp\/v2\/users\/1"}],"replies":[{"embeddable":true,"href":"https:\/\/bernkor.pl\/index.php\/wp-json\/wp\/v2\/comments?post=1496"}],"version-history":[{"count":4,"href":"https:\/\/bernkor.pl\/index.php\/wp-json\/wp\/v2\/pages\/1496\/revisions"}],"predecessor-version":[{"id":1617,"href":"https:\/\/bernkor.pl\/index.php\/wp-json\/wp\/v2\/pages\/1496\/revisions\/1617"}],"wp:attachment":[{"href":"https:\/\/bernkor.pl\/index.php\/wp-json\/wp\/v2\/media?parent=1496"}],"curies":[{"name":"wp","href":"https:\/\/api.w.org\/{rel}","templated":true}]}}