{"id":1474,"date":"2021-11-25T17:29:38","date_gmt":"2021-11-25T16:29:38","guid":{"rendered":"https:\/\/bernkor.pl\/?page_id=1474"},"modified":"2025-12-09T21:57:27","modified_gmt":"2025-12-09T20:57:27","slug":"zespol","status":"publish","type":"page","link":"https:\/\/bernkor.pl\/index.php\/zespol\/","title":{"rendered":"NASZ ZESP\u00d3\u0141 &#8211; KADRA ZARZ\u0104DZAJ\u0104CA"},"content":{"rendered":"\n<figure class=\"wp-block-table aligncenter is-style-regular\"><table class=\"has-black-color has-text-color has-background\" style=\"background:linear-gradient(135deg,rgb(238,238,238) 0%,rgb(243,243,243) 26%,rgb(169,184,195) 100%)\"><tbody><tr><td><img loading=\"lazy\" decoding=\"async\" width=\"180\" height=\"182\" class=\"wp-image-1476\" style=\"width: 180px;\" src=\"http:\/\/bernkor.pl\/wp-content\/uploads\/2021\/11\/Damian2.jpg\" alt=\"\" srcset=\"https:\/\/bernkor.pl\/wp-content\/uploads\/2021\/11\/Damian2.jpg 1080w, https:\/\/bernkor.pl\/wp-content\/uploads\/2021\/11\/Damian2-298x300.jpg 298w, https:\/\/bernkor.pl\/wp-content\/uploads\/2021\/11\/Damian2-1016x1024.jpg 1016w, https:\/\/bernkor.pl\/wp-content\/uploads\/2021\/11\/Damian2-768x774.jpg 768w\" sizes=\"auto, (max-width: 180px) 100vw, 180px\" \/><\/td><td class=\"has-text-align-left\" data-align=\"left\"><strong><span style=\"text-decoration: underline;\">DYREKTOR GENERALNY<\/span> <\/strong><br>Chief Executive Officer (CEO)<br><br><strong>mgr in\u017c. Damian Szczerba <\/strong><br>tel. 796 735 826<br><a href=\"mailto:damian@bernkor.pl\" target=\"_blank\" rel=\"noreferrer noopener\"><span class=\"has-inline-color has-vivid-cyan-blue-color\">damian@bernkor.pl<\/span><\/a><br><\/td><\/tr><tr><td><img loading=\"lazy\" decoding=\"async\" width=\"180\" height=\"200\" class=\"wp-image-1475\" style=\"width: 180px;\" src=\"http:\/\/bernkor.pl\/wp-content\/uploads\/2021\/11\/osoba.jpg\" alt=\"\"><\/td><td class=\"has-text-align-left\" data-align=\"left\"><strong><span style=\"text-decoration: underline;\">DYREKTOR TECHNICZNY<\/span> <\/strong><br>Chief Technology Officer (CTO)<br> <br><strong>mgr. in\u017c.<\/strong> <strong>Wojciech G\u0142ogowski<\/strong><br>tel. 697-998-199<br><a href=\"mailto:wojciech@bernkor.pl\" target=\"_blank\" rel=\"noreferrer noopener\">wojciech@bernkor.pl<\/a><br><\/td><\/tr><tr><td><img loading=\"lazy\" decoding=\"async\" width=\"180\" height=\"200\" class=\"wp-image-1475\" style=\"width: 180px;\" src=\"http:\/\/bernkor.pl\/wp-content\/uploads\/2021\/11\/osoba.jpg\" alt=\"\"><\/td><td class=\"has-text-align-left\" data-align=\"left\"><strong><span style=\"text-decoration: underline;\">MISTRZ PRODUKCJI<\/span><\/strong><br> <br><strong>Tomasz Koroluk<\/strong><br>tel. 600-921-462<br><a href=\"mailto:tomasz@bernkor.pl\" target=\"_blank\" rel=\"noreferrer noopener\">tomasz@bernkor.pl<\/a><\/td><\/tr><\/tbody><\/table><\/figure>\n\n\n\n<p><\/p>\n","protected":false},"excerpt":{"rendered":"<p>DYREKTOR GENERALNY Chief Executive Officer (CEO) mgr in\u017c. Damian Szczerba tel. 796 735 826damian@bernkor.pl DYREKTOR TECHNICZNY Chief Technology Officer (CTO) mgr. in\u017c. Wojciech G\u0142ogowskitel. 697-998-199wojciech@bernkor.pl MISTRZ PRODUKCJI Tomasz Koroluktel. 600-921-462tomasz@bernkor.pl<\/p>\n","protected":false},"author":1,"featured_media":0,"parent":0,"menu_order":0,"comment_status":"closed","ping_status":"closed","template":"","meta":{"footnotes":""},"class_list":["post-1474","page","type-page","status-publish","hentry"],"_links":{"self":[{"href":"https:\/\/bernkor.pl\/index.php\/wp-json\/wp\/v2\/pages\/1474","targetHints":{"allow":["GET"]}}],"collection":[{"href":"https:\/\/bernkor.pl\/index.php\/wp-json\/wp\/v2\/pages"}],"about":[{"href":"https:\/\/bernkor.pl\/index.php\/wp-json\/wp\/v2\/types\/page"}],"author":[{"embeddable":true,"href":"https:\/\/bernkor.pl\/index.php\/wp-json\/wp\/v2\/users\/1"}],"replies":[{"embeddable":true,"href":"https:\/\/bernkor.pl\/index.php\/wp-json\/wp\/v2\/comments?post=1474"}],"version-history":[{"count":22,"href":"https:\/\/bernkor.pl\/index.php\/wp-json\/wp\/v2\/pages\/1474\/revisions"}],"predecessor-version":[{"id":1650,"href":"https:\/\/bernkor.pl\/index.php\/wp-json\/wp\/v2\/pages\/1474\/revisions\/1650"}],"wp:attachment":[{"href":"https:\/\/bernkor.pl\/index.php\/wp-json\/wp\/v2\/media?parent=1474"}],"curies":[{"name":"wp","href":"https:\/\/api.w.org\/{rel}","templated":true}]}}