{"id":13,"date":"2021-11-24T21:16:32","date_gmt":"2021-11-24T20:16:32","guid":{"rendered":"http:\/\/bernkor.pl\/?page_id=13"},"modified":"2021-11-26T00:24:14","modified_gmt":"2021-11-25T23:24:14","slug":"oferta","status":"publish","type":"page","link":"https:\/\/bernkor.pl\/index.php\/oferta\/","title":{"rendered":"OFERTA"},"content":{"rendered":"\n<p class=\"has-normal-font-size\">Nasza firma oferuje szeroki zakres prac zwi\u0105zanych z myciem, oczyszczaniem mechanicznym oraz konserwacj\u0105 wszelkich rodzaj\u00f3w powierzchni stalowych i betonowych. <\/p>\n\n\n\n<p>Wi\u0119kszo\u015b\u0107 prac wykonujemy w miejscu wskazanym przez klienta, na stoczni lub na terenie naszej siedziby.<\/p>\n\n\n\n<p class=\"has-normal-font-size\">W zakres naszych us\u0142ug wchodzi: <\/p>\n\n\n\n<ul class=\"has-normal-font-size wp-block-list\"><li>piaskowanie<\/li><li>sodowanie<\/li><li>malowanie <\/li><li>metalizacja<\/li><li>czyszczenie zbiornik\u00f3w<\/li><li>konserwacja statk\u00f3w<\/li><li>konserwacja tuneli<\/li><li>polimocznik<\/li><\/ul>\n\n\n\n<hr class=\"wp-block-separator is-style-wide\"\/>\n\n\n\n<p class=\"has-normal-font-size\">Dysponujemy w\u0142asnym nabrze\u017cem z bezpo\u015brednim dost\u0119pem do Odry Zachodniej oraz placem manewrowym o powierzchni ponad 5000 m<sup>2<\/sup> zlokalizowanym na terenie siedziby Naszej Firmy. Utwardzona droga dojazdowa umo\u017cliwia bezproblemowy dojazdu ci\u0119\u017ckiego sprz\u0119tu. <\/p>\n\n\n\n<p class=\"has-normal-font-size\">D\u0142ugo\u015b\u0107 nabrze\u017ca &#8211; 230 mb G\u0142\u0119boko\u015b\u0107 &#8211; 2,5 m. Przeznaczenie:<\/p>\n\n\n\n<ul class=\"has-normal-font-size wp-block-list\"><li>demonta\u017c jednostek p\u0142ywaj\u0105cych (barki, kutry, pontony)<\/li><li>sk\u0142adowanie jednostek p\u0142ywaj\u0105cych<\/li><li>podejmowanie z wody jednostek p\u0142ywaj\u0105cych<\/li><li>wodowanie jednostek p\u0142ywaj\u0105cych<\/li><li>sk\u0142adowanie i demonta\u017c obiekt\u00f3w r\u00f3\u017cnego typu na terenie placu manewrowego<\/li><\/ul>\n","protected":false},"excerpt":{"rendered":"<p>Nasza firma oferuje szeroki zakres prac zwi\u0105zanych z myciem, oczyszczaniem mechanicznym oraz konserwacj\u0105 wszelkich rodzaj\u00f3w powierzchni stalowych i betonowych. Wi\u0119kszo\u015b\u0107 prac wykonujemy w miejscu wskazanym przez klienta, na stoczni lub &#8230;<\/p>\n","protected":false},"author":1,"featured_media":0,"parent":0,"menu_order":0,"comment_status":"closed","ping_status":"closed","template":"","meta":{"footnotes":""},"class_list":["post-13","page","type-page","status-publish","hentry"],"_links":{"self":[{"href":"https:\/\/bernkor.pl\/index.php\/wp-json\/wp\/v2\/pages\/13","targetHints":{"allow":["GET"]}}],"collection":[{"href":"https:\/\/bernkor.pl\/index.php\/wp-json\/wp\/v2\/pages"}],"about":[{"href":"https:\/\/bernkor.pl\/index.php\/wp-json\/wp\/v2\/types\/page"}],"author":[{"embeddable":true,"href":"https:\/\/bernkor.pl\/index.php\/wp-json\/wp\/v2\/users\/1"}],"replies":[{"embeddable":true,"href":"https:\/\/bernkor.pl\/index.php\/wp-json\/wp\/v2\/comments?post=13"}],"version-history":[{"count":4,"href":"https:\/\/bernkor.pl\/index.php\/wp-json\/wp\/v2\/pages\/13\/revisions"}],"predecessor-version":[{"id":1565,"href":"https:\/\/bernkor.pl\/index.php\/wp-json\/wp\/v2\/pages\/13\/revisions\/1565"}],"wp:attachment":[{"href":"https:\/\/bernkor.pl\/index.php\/wp-json\/wp\/v2\/media?parent=13"}],"curies":[{"name":"wp","href":"https:\/\/api.w.org\/{rel}","templated":true}]}}