{"id":1245,"date":"2016-10-05T09:12:09","date_gmt":"2016-10-05T09:12:09","guid":{"rendered":"http:\/\/demos.famethemes.com\/onepress\/?page_id=1245"},"modified":"2021-12-30T16:54:28","modified_gmt":"2021-12-30T15:54:28","slug":"galeria","status":"publish","type":"page","link":"https:\/\/bernkor.pl\/index.php\/galeria\/","title":{"rendered":"GALERIA"},"content":{"rendered":"\n<p><\/p>\n\n\n\n<h3 class=\"wp-block-heading\"><strong><span class=\"has-inline-color has-black-color\"><span style=\"text-decoration: underline;\"><em>CZYSZCZENIE I MALOWANIE ANTYKOROZYJNE ZBIORNIK\u00d3W<\/em><\/span> <\/span><\/strong><\/h3>\n\n\n\n<figure class=\"wp-block-gallery columns-6 is-cropped wp-block-gallery-1 is-layout-flex wp-block-gallery-is-layout-flex\"><ul class=\"blocks-gallery-grid\"><li class=\"blocks-gallery-item\"><figure><img loading=\"lazy\" decoding=\"async\" width=\"225\" height=\"300\" src=\"https:\/\/bernkor.pl\/wp-content\/uploads\/2021\/11\/IMG-20211124-WA0067-225x300.jpg\" alt=\"\" data-id=\"1526\" data-full-url=\"http:\/\/bernkor.pl\/wp-content\/uploads\/2021\/11\/IMG-20211124-WA0067.jpg\" data-link=\"https:\/\/bernkor.pl\/img-20211124-wa0067\/\" class=\"wp-image-1526\" srcset=\"https:\/\/bernkor.pl\/wp-content\/uploads\/2021\/11\/IMG-20211124-WA0067-225x300.jpg 225w, https:\/\/bernkor.pl\/wp-content\/uploads\/2021\/11\/IMG-20211124-WA0067-768x1024.jpg 768w, https:\/\/bernkor.pl\/wp-content\/uploads\/2021\/11\/IMG-20211124-WA0067-1152x1536.jpg 1152w, https:\/\/bernkor.pl\/wp-content\/uploads\/2021\/11\/IMG-20211124-WA0067.jpg 1200w\" sizes=\"auto, (max-width: 225px) 100vw, 225px\" \/><\/figure><\/li><li class=\"blocks-gallery-item\"><figure><img loading=\"lazy\" decoding=\"async\" width=\"225\" height=\"300\" src=\"https:\/\/bernkor.pl\/wp-content\/uploads\/2021\/11\/IMG-20211124-WA0047-225x300.jpg\" alt=\"\" data-id=\"1524\" data-full-url=\"http:\/\/bernkor.pl\/wp-content\/uploads\/2021\/11\/IMG-20211124-WA0047.jpg\" data-link=\"https:\/\/bernkor.pl\/img-20211124-wa0047\/\" class=\"wp-image-1524\" srcset=\"https:\/\/bernkor.pl\/wp-content\/uploads\/2021\/11\/IMG-20211124-WA0047-225x300.jpg 225w, https:\/\/bernkor.pl\/wp-content\/uploads\/2021\/11\/IMG-20211124-WA0047-768x1024.jpg 768w, https:\/\/bernkor.pl\/wp-content\/uploads\/2021\/11\/IMG-20211124-WA0047-1152x1536.jpg 1152w, https:\/\/bernkor.pl\/wp-content\/uploads\/2021\/11\/IMG-20211124-WA0047.jpg 1200w\" sizes=\"auto, (max-width: 225px) 100vw, 225px\" \/><\/figure><\/li><li class=\"blocks-gallery-item\"><figure><img loading=\"lazy\" decoding=\"async\" width=\"225\" height=\"300\" src=\"https:\/\/bernkor.pl\/wp-content\/uploads\/2021\/11\/IMG-20211124-WA0046-225x300.jpg\" alt=\"\" data-id=\"1523\" data-full-url=\"http:\/\/bernkor.pl\/wp-content\/uploads\/2021\/11\/IMG-20211124-WA0046.jpg\" data-link=\"https:\/\/bernkor.pl\/img-20211124-wa0046\/\" class=\"wp-image-1523\" srcset=\"https:\/\/bernkor.pl\/wp-content\/uploads\/2021\/11\/IMG-20211124-WA0046-225x300.jpg 225w, https:\/\/bernkor.pl\/wp-content\/uploads\/2021\/11\/IMG-20211124-WA0046-768x1024.jpg 768w, https:\/\/bernkor.pl\/wp-content\/uploads\/2021\/11\/IMG-20211124-WA0046-1152x1536.jpg 1152w, https:\/\/bernkor.pl\/wp-content\/uploads\/2021\/11\/IMG-20211124-WA0046.jpg 1200w\" sizes=\"auto, (max-width: 225px) 100vw, 225px\" \/><\/figure><\/li><li class=\"blocks-gallery-item\"><figure><img loading=\"lazy\" decoding=\"async\" width=\"225\" height=\"300\" src=\"https:\/\/bernkor.pl\/wp-content\/uploads\/2021\/11\/IMG-20211124-WA0045-225x300.jpg\" alt=\"\" data-id=\"1522\" data-full-url=\"http:\/\/bernkor.pl\/wp-content\/uploads\/2021\/11\/IMG-20211124-WA0045.jpg\" data-link=\"https:\/\/bernkor.pl\/img-20211124-wa0045\/\" class=\"wp-image-1522\" srcset=\"https:\/\/bernkor.pl\/wp-content\/uploads\/2021\/11\/IMG-20211124-WA0045-225x300.jpg 225w, https:\/\/bernkor.pl\/wp-content\/uploads\/2021\/11\/IMG-20211124-WA0045-768x1024.jpg 768w, https:\/\/bernkor.pl\/wp-content\/uploads\/2021\/11\/IMG-20211124-WA0045-1152x1536.jpg 1152w, https:\/\/bernkor.pl\/wp-content\/uploads\/2021\/11\/IMG-20211124-WA0045.jpg 1200w\" sizes=\"auto, (max-width: 225px) 100vw, 225px\" \/><\/figure><\/li><li class=\"blocks-gallery-item\"><figure><img loading=\"lazy\" decoding=\"async\" width=\"225\" height=\"300\" src=\"https:\/\/bernkor.pl\/wp-content\/uploads\/2021\/11\/IMG-20211124-WA0044-225x300.jpg\" alt=\"\" data-id=\"1521\" data-full-url=\"http:\/\/bernkor.pl\/wp-content\/uploads\/2021\/11\/IMG-20211124-WA0044.jpg\" data-link=\"https:\/\/bernkor.pl\/img-20211124-wa0044\/\" class=\"wp-image-1521\" srcset=\"https:\/\/bernkor.pl\/wp-content\/uploads\/2021\/11\/IMG-20211124-WA0044-225x300.jpg 225w, https:\/\/bernkor.pl\/wp-content\/uploads\/2021\/11\/IMG-20211124-WA0044-768x1024.jpg 768w, https:\/\/bernkor.pl\/wp-content\/uploads\/2021\/11\/IMG-20211124-WA0044-1152x1536.jpg 1152w, https:\/\/bernkor.pl\/wp-content\/uploads\/2021\/11\/IMG-20211124-WA0044.jpg 1200w\" sizes=\"auto, (max-width: 225px) 100vw, 225px\" \/><\/figure><\/li><li class=\"blocks-gallery-item\"><figure><img loading=\"lazy\" decoding=\"async\" width=\"225\" height=\"300\" src=\"https:\/\/bernkor.pl\/wp-content\/uploads\/2021\/11\/IMG-20211124-WA0042-225x300.jpg\" alt=\"\" data-id=\"1519\" data-full-url=\"http:\/\/bernkor.pl\/wp-content\/uploads\/2021\/11\/IMG-20211124-WA0042.jpg\" data-link=\"https:\/\/bernkor.pl\/img-20211124-wa0042\/\" class=\"wp-image-1519\" srcset=\"https:\/\/bernkor.pl\/wp-content\/uploads\/2021\/11\/IMG-20211124-WA0042-225x300.jpg 225w, https:\/\/bernkor.pl\/wp-content\/uploads\/2021\/11\/IMG-20211124-WA0042-768x1024.jpg 768w, https:\/\/bernkor.pl\/wp-content\/uploads\/2021\/11\/IMG-20211124-WA0042-1152x1536.jpg 1152w, https:\/\/bernkor.pl\/wp-content\/uploads\/2021\/11\/IMG-20211124-WA0042.jpg 1200w\" sizes=\"auto, (max-width: 225px) 100vw, 225px\" \/><\/figure><\/li><li class=\"blocks-gallery-item\"><figure><img loading=\"lazy\" decoding=\"async\" width=\"225\" height=\"300\" src=\"https:\/\/bernkor.pl\/wp-content\/uploads\/2021\/11\/IMG-20211124-WA0040-225x300.jpg\" alt=\"\" data-id=\"1517\" data-full-url=\"http:\/\/bernkor.pl\/wp-content\/uploads\/2021\/11\/IMG-20211124-WA0040.jpg\" data-link=\"https:\/\/bernkor.pl\/img-20211124-wa0040\/\" class=\"wp-image-1517\" srcset=\"https:\/\/bernkor.pl\/wp-content\/uploads\/2021\/11\/IMG-20211124-WA0040-225x300.jpg 225w, https:\/\/bernkor.pl\/wp-content\/uploads\/2021\/11\/IMG-20211124-WA0040-768x1024.jpg 768w, https:\/\/bernkor.pl\/wp-content\/uploads\/2021\/11\/IMG-20211124-WA0040-1152x1536.jpg 1152w, https:\/\/bernkor.pl\/wp-content\/uploads\/2021\/11\/IMG-20211124-WA0040.jpg 1200w\" sizes=\"auto, (max-width: 225px) 100vw, 225px\" \/><\/figure><\/li><li class=\"blocks-gallery-item\"><figure><img loading=\"lazy\" decoding=\"async\" width=\"225\" height=\"300\" src=\"https:\/\/bernkor.pl\/wp-content\/uploads\/2021\/11\/IMG-20211124-WA0039-225x300.jpg\" alt=\"\" data-id=\"1516\" data-full-url=\"http:\/\/bernkor.pl\/wp-content\/uploads\/2021\/11\/IMG-20211124-WA0039.jpg\" data-link=\"https:\/\/bernkor.pl\/img-20211124-wa0039\/\" class=\"wp-image-1516\" srcset=\"https:\/\/bernkor.pl\/wp-content\/uploads\/2021\/11\/IMG-20211124-WA0039-225x300.jpg 225w, https:\/\/bernkor.pl\/wp-content\/uploads\/2021\/11\/IMG-20211124-WA0039-768x1024.jpg 768w, https:\/\/bernkor.pl\/wp-content\/uploads\/2021\/11\/IMG-20211124-WA0039-1152x1536.jpg 1152w, https:\/\/bernkor.pl\/wp-content\/uploads\/2021\/11\/IMG-20211124-WA0039.jpg 1200w\" sizes=\"auto, (max-width: 225px) 100vw, 225px\" \/><\/figure><\/li><li class=\"blocks-gallery-item\"><figure><img loading=\"lazy\" decoding=\"async\" width=\"225\" height=\"300\" src=\"https:\/\/bernkor.pl\/wp-content\/uploads\/2021\/11\/IMG-20211124-WA0037-225x300.jpg\" alt=\"\" data-id=\"1514\" data-full-url=\"http:\/\/bernkor.pl\/wp-content\/uploads\/2021\/11\/IMG-20211124-WA0037.jpg\" data-link=\"https:\/\/bernkor.pl\/img-20211124-wa0037\/\" class=\"wp-image-1514\" srcset=\"https:\/\/bernkor.pl\/wp-content\/uploads\/2021\/11\/IMG-20211124-WA0037-225x300.jpg 225w, https:\/\/bernkor.pl\/wp-content\/uploads\/2021\/11\/IMG-20211124-WA0037-768x1024.jpg 768w, https:\/\/bernkor.pl\/wp-content\/uploads\/2021\/11\/IMG-20211124-WA0037-1152x1536.jpg 1152w, https:\/\/bernkor.pl\/wp-content\/uploads\/2021\/11\/IMG-20211124-WA0037.jpg 1200w\" sizes=\"auto, (max-width: 225px) 100vw, 225px\" \/><\/figure><\/li><\/ul><\/figure>\n\n\n\n<h3 class=\"wp-block-heading\"><strong><span class=\"has-inline-color has-black-color\"><span style=\"text-decoration: underline;\"><em>KONSERWACJA OBIEKT\u00d3W NAWIGACYJNYCH &#8211; ZALEW SZCZECI\u0143SKI<\/em><\/span><\/span><\/strong><\/h3>\n\n\n\n<figure class=\"wp-block-gallery columns-3 is-cropped wp-block-gallery-2 is-layout-flex wp-block-gallery-is-layout-flex\"><ul class=\"blocks-gallery-grid\"><li class=\"blocks-gallery-item\"><figure><img loading=\"lazy\" decoding=\"async\" width=\"576\" height=\"1024\" src=\"http:\/\/bernkor.pl\/wp-content\/uploads\/2021\/11\/IMG-20211124-WA0065-576x1024.jpg\" alt=\"\" data-id=\"1509\" data-full-url=\"http:\/\/bernkor.pl\/wp-content\/uploads\/2021\/11\/IMG-20211124-WA0065.jpg\" data-link=\"https:\/\/bernkor.pl\/img-20211124-wa0065\/\" class=\"wp-image-1509\" srcset=\"https:\/\/bernkor.pl\/wp-content\/uploads\/2021\/11\/IMG-20211124-WA0065-576x1024.jpg 576w, https:\/\/bernkor.pl\/wp-content\/uploads\/2021\/11\/IMG-20211124-WA0065-169x300.jpg 169w, https:\/\/bernkor.pl\/wp-content\/uploads\/2021\/11\/IMG-20211124-WA0065-768x1365.jpg 768w, https:\/\/bernkor.pl\/wp-content\/uploads\/2021\/11\/IMG-20211124-WA0065-864x1536.jpg 864w, https:\/\/bernkor.pl\/wp-content\/uploads\/2021\/11\/IMG-20211124-WA0065.jpg 878w\" sizes=\"auto, (max-width: 576px) 100vw, 576px\" \/><\/figure><\/li><li class=\"blocks-gallery-item\"><figure><img loading=\"lazy\" decoding=\"async\" width=\"576\" height=\"1024\" src=\"http:\/\/bernkor.pl\/wp-content\/uploads\/2021\/11\/IMG-20211124-WA0063-576x1024.jpg\" alt=\"\" data-id=\"1507\" data-full-url=\"http:\/\/bernkor.pl\/wp-content\/uploads\/2021\/11\/IMG-20211124-WA0063.jpg\" data-link=\"https:\/\/bernkor.pl\/img-20211124-wa0063\/\" class=\"wp-image-1507\" srcset=\"https:\/\/bernkor.pl\/wp-content\/uploads\/2021\/11\/IMG-20211124-WA0063-576x1024.jpg 576w, https:\/\/bernkor.pl\/wp-content\/uploads\/2021\/11\/IMG-20211124-WA0063-169x300.jpg 169w, https:\/\/bernkor.pl\/wp-content\/uploads\/2021\/11\/IMG-20211124-WA0063-768x1365.jpg 768w, https:\/\/bernkor.pl\/wp-content\/uploads\/2021\/11\/IMG-20211124-WA0063-864x1536.jpg 864w, https:\/\/bernkor.pl\/wp-content\/uploads\/2021\/11\/IMG-20211124-WA0063.jpg 1134w\" sizes=\"auto, (max-width: 576px) 100vw, 576px\" \/><\/figure><\/li><li class=\"blocks-gallery-item\"><figure><img loading=\"lazy\" decoding=\"async\" width=\"576\" height=\"1024\" src=\"http:\/\/bernkor.pl\/wp-content\/uploads\/2021\/11\/IMG-20211124-WA0062-576x1024.jpg\" alt=\"\" data-id=\"1506\" data-full-url=\"http:\/\/bernkor.pl\/wp-content\/uploads\/2021\/11\/IMG-20211124-WA0062.jpg\" data-link=\"https:\/\/bernkor.pl\/img-20211124-wa0062\/\" class=\"wp-image-1506\" srcset=\"https:\/\/bernkor.pl\/wp-content\/uploads\/2021\/11\/IMG-20211124-WA0062-576x1024.jpg 576w, https:\/\/bernkor.pl\/wp-content\/uploads\/2021\/11\/IMG-20211124-WA0062-169x300.jpg 169w, https:\/\/bernkor.pl\/wp-content\/uploads\/2021\/11\/IMG-20211124-WA0062-768x1365.jpg 768w, https:\/\/bernkor.pl\/wp-content\/uploads\/2021\/11\/IMG-20211124-WA0062-864x1536.jpg 864w, https:\/\/bernkor.pl\/wp-content\/uploads\/2021\/11\/IMG-20211124-WA0062.jpg 1134w\" sizes=\"auto, (max-width: 576px) 100vw, 576px\" \/><\/figure><\/li><\/ul><\/figure>\n\n\n\n<p><\/p>\n\n\n\n<p><\/p>\n","protected":false},"excerpt":{"rendered":"<p>CZYSZCZENIE I MALOWANIE ANTYKOROZYJNE ZBIORNIK\u00d3W KONSERWACJA OBIEKT\u00d3W NAWIGACYJNYCH &#8211; ZALEW SZCZECI\u0143SKI<\/p>\n","protected":false},"author":2,"featured_media":0,"parent":0,"menu_order":0,"comment_status":"closed","ping_status":"closed","template":"","meta":{"footnotes":""},"class_list":["post-1245","page","type-page","status-publish","hentry"],"_links":{"self":[{"href":"https:\/\/bernkor.pl\/index.php\/wp-json\/wp\/v2\/pages\/1245","targetHints":{"allow":["GET"]}}],"collection":[{"href":"https:\/\/bernkor.pl\/index.php\/wp-json\/wp\/v2\/pages"}],"about":[{"href":"https:\/\/bernkor.pl\/index.php\/wp-json\/wp\/v2\/types\/page"}],"author":[{"embeddable":true,"href":"https:\/\/bernkor.pl\/index.php\/wp-json\/wp\/v2\/users\/2"}],"replies":[{"embeddable":true,"href":"https:\/\/bernkor.pl\/index.php\/wp-json\/wp\/v2\/comments?post=1245"}],"version-history":[{"count":5,"href":"https:\/\/bernkor.pl\/index.php\/wp-json\/wp\/v2\/pages\/1245\/revisions"}],"predecessor-version":[{"id":1621,"href":"https:\/\/bernkor.pl\/index.php\/wp-json\/wp\/v2\/pages\/1245\/revisions\/1621"}],"wp:attachment":[{"href":"https:\/\/bernkor.pl\/index.php\/wp-json\/wp\/v2\/media?parent=1245"}],"curies":[{"name":"wp","href":"https:\/\/api.w.org\/{rel}","templated":true}]}}